{"id":1431,"date":"2022-10-30T11:08:52","date_gmt":"2022-10-30T10:08:52","guid":{"rendered":"https:\/\/www.petercernicka.eu\/?page_id=1431"},"modified":"2022-10-30T11:12:28","modified_gmt":"2022-10-30T10:12:28","slug":"nastenka","status":"publish","type":"page","link":"https:\/\/www.petercernicka.eu\/de\/nastenka\/","title":{"rendered":"N\u00e1stenka"},"content":{"rendered":"<p><em class=\"note\"><input class=\"txtsc\" readonly=\"readonly\" type=\"text\" value=\"[wpdm_user_dashboard]\" \/><\/em><\/p>\n","protected":false},"excerpt":{"rendered":"","protected":false},"author":1,"featured_media":0,"parent":0,"menu_order":0,"comment_status":"closed","ping_status":"closed","template":"","meta":{"_monsterinsights_skip_tracking":false,"_monsterinsights_sitenote_active":false,"_monsterinsights_sitenote_note":"","_monsterinsights_sitenote_category":0,"footnotes":""},"class_list":["post-1431","page","type-page","status-publish","hentry"],"yoast_head":"<!-- This site is optimized with the Yoast SEO plugin v27.5 - https:\/\/yoast.com\/product\/yoast-seo-wordpress\/ -->\n<title>N\u00e1stenka - PETER \u010cERNI\u010cKA<\/title>\n<meta name=\"robots\" content=\"index, follow, max-snippet:-1, max-image-preview:large, max-video-preview:-1\" \/>\n<link rel=\"canonical\" href=\"https:\/\/www.petercernicka.eu\/de\/nastenka\/\" \/>\n<meta property=\"og:locale\" content=\"de_DE\" \/>\n<meta property=\"og:type\" content=\"article\" \/>\n<meta property=\"og:title\" content=\"N\u00e1stenka - PETER \u010cERNI\u010cKA\" \/>\n<meta property=\"og:url\" content=\"https:\/\/www.petercernicka.eu\/de\/nastenka\/\" \/>\n<meta property=\"og:site_name\" content=\"PETER \u010cERNI\u010cKA\" \/>\n<meta property=\"article:modified_time\" content=\"2022-10-30T10:12:28+00:00\" \/>\n<meta property=\"og:image\" content=\"https:\/\/www.petercernicka.eu\/wp-content\/uploads\/2024\/09\/Obrazok-WhatsApp-2024-09-27-o-14.50.24_d667d80a.jpg\" \/>\n\t<meta property=\"og:image:width\" content=\"1200\" \/>\n\t<meta property=\"og:image:height\" content=\"1600\" \/>\n\t<meta property=\"og:image:type\" content=\"image\/jpeg\" \/>\n<meta name=\"twitter:card\" content=\"summary_large_image\" \/>\n<script type=\"application\/ld+json\" class=\"yoast-schema-graph\">{\"@context\":\"https:\\\/\\\/schema.org\",\"@graph\":[{\"@type\":\"WebPage\",\"@id\":\"https:\\\/\\\/www.petercernicka.eu\\\/nastenka\\\/\",\"url\":\"https:\\\/\\\/www.petercernicka.eu\\\/nastenka\\\/\",\"name\":\"N\u00e1stenka - PETER \u010cERNI\u010cKA\",\"isPartOf\":{\"@id\":\"https:\\\/\\\/www.petercernicka.eu\\\/#website\"},\"datePublished\":\"2022-10-30T10:08:52+00:00\",\"dateModified\":\"2022-10-30T10:12:28+00:00\",\"breadcrumb\":{\"@id\":\"https:\\\/\\\/www.petercernicka.eu\\\/nastenka\\\/#breadcrumb\"},\"inLanguage\":\"de\",\"potentialAction\":[{\"@type\":\"ReadAction\",\"target\":[\"https:\\\/\\\/www.petercernicka.eu\\\/nastenka\\\/\"]}]},{\"@type\":\"BreadcrumbList\",\"@id\":\"https:\\\/\\\/www.petercernicka.eu\\\/nastenka\\\/#breadcrumb\",\"itemListElement\":[{\"@type\":\"ListItem\",\"position\":1,\"name\":\"Domov\",\"item\":\"https:\\\/\\\/www.petercernicka.eu\\\/\"},{\"@type\":\"ListItem\",\"position\":2,\"name\":\"N\u00e1stenka\"}]},{\"@type\":\"WebSite\",\"@id\":\"https:\\\/\\\/www.petercernicka.eu\\\/#website\",\"url\":\"https:\\\/\\\/www.petercernicka.eu\\\/\",\"name\":\"PETER \u010cERNI\u010cKA\",\"description\":\"skladate\u013e, aran\u017e\u00e9r, multiin\u0161trumentalista, lektor\",\"potentialAction\":[{\"@type\":\"SearchAction\",\"target\":{\"@type\":\"EntryPoint\",\"urlTemplate\":\"https:\\\/\\\/www.petercernicka.eu\\\/?s={search_term_string}\"},\"query-input\":{\"@type\":\"PropertyValueSpecification\",\"valueRequired\":true,\"valueName\":\"search_term_string\"}}],\"inLanguage\":\"de\"}]}<\/script>\n<!-- \/ Yoast SEO plugin. -->","yoast_head_json":{"title":"N\u00e1stenka - PETER \u010cERNI\u010cKA","robots":{"index":"index","follow":"follow","max-snippet":"max-snippet:-1","max-image-preview":"max-image-preview:large","max-video-preview":"max-video-preview:-1"},"canonical":"https:\/\/www.petercernicka.eu\/de\/nastenka\/","og_locale":"de_DE","og_type":"article","og_title":"N\u00e1stenka - PETER \u010cERNI\u010cKA","og_url":"https:\/\/www.petercernicka.eu\/de\/nastenka\/","og_site_name":"PETER \u010cERNI\u010cKA","article_modified_time":"2022-10-30T10:12:28+00:00","og_image":[{"width":1200,"height":1600,"url":"https:\/\/www.petercernicka.eu\/wp-content\/uploads\/2024\/09\/Obrazok-WhatsApp-2024-09-27-o-14.50.24_d667d80a.jpg","type":"image\/jpeg"}],"twitter_card":"summary_large_image","schema":{"@context":"https:\/\/schema.org","@graph":[{"@type":"WebPage","@id":"https:\/\/www.petercernicka.eu\/nastenka\/","url":"https:\/\/www.petercernicka.eu\/nastenka\/","name":"N\u00e1stenka - PETER \u010cERNI\u010cKA","isPartOf":{"@id":"https:\/\/www.petercernicka.eu\/#website"},"datePublished":"2022-10-30T10:08:52+00:00","dateModified":"2022-10-30T10:12:28+00:00","breadcrumb":{"@id":"https:\/\/www.petercernicka.eu\/nastenka\/#breadcrumb"},"inLanguage":"de","potentialAction":[{"@type":"ReadAction","target":["https:\/\/www.petercernicka.eu\/nastenka\/"]}]},{"@type":"BreadcrumbList","@id":"https:\/\/www.petercernicka.eu\/nastenka\/#breadcrumb","itemListElement":[{"@type":"ListItem","position":1,"name":"Domov","item":"https:\/\/www.petercernicka.eu\/"},{"@type":"ListItem","position":2,"name":"N\u00e1stenka"}]},{"@type":"WebSite","@id":"https:\/\/www.petercernicka.eu\/#website","url":"https:\/\/www.petercernicka.eu\/","name":"PETER \u010cERNI\u010cKA","description":"Komponist, Arrangeur, Multiinstrumentalist, Vortragender","potentialAction":[{"@type":"SearchAction","target":{"@type":"EntryPoint","urlTemplate":"https:\/\/www.petercernicka.eu\/?s={search_term_string}"},"query-input":{"@type":"PropertyValueSpecification","valueRequired":true,"valueName":"search_term_string"}}],"inLanguage":"de"}]}},"_links":{"self":[{"href":"https:\/\/www.petercernicka.eu\/de\/wp-json\/wp\/v2\/pages\/1431","targetHints":{"allow":["GET"]}}],"collection":[{"href":"https:\/\/www.petercernicka.eu\/de\/wp-json\/wp\/v2\/pages"}],"about":[{"href":"https:\/\/www.petercernicka.eu\/de\/wp-json\/wp\/v2\/types\/page"}],"author":[{"embeddable":true,"href":"https:\/\/www.petercernicka.eu\/de\/wp-json\/wp\/v2\/users\/1"}],"replies":[{"embeddable":true,"href":"https:\/\/www.petercernicka.eu\/de\/wp-json\/wp\/v2\/comments?post=1431"}],"version-history":[{"count":2,"href":"https:\/\/www.petercernicka.eu\/de\/wp-json\/wp\/v2\/pages\/1431\/revisions"}],"predecessor-version":[{"id":1439,"href":"https:\/\/www.petercernicka.eu\/de\/wp-json\/wp\/v2\/pages\/1431\/revisions\/1439"}],"wp:attachment":[{"href":"https:\/\/www.petercernicka.eu\/de\/wp-json\/wp\/v2\/media?parent=1431"}],"curies":[{"name":"wp","href":"https:\/\/api.w.org\/{rel}","templated":true}]}}