{"id":4053,"date":"2025-06-28T08:33:59","date_gmt":"2025-06-28T06:33:59","guid":{"rendered":"https:\/\/www.petercernicka.eu\/?page_id=4053"},"modified":"2026-01-31T15:15:24","modified_gmt":"2026-01-31T14:15:24","slug":"noty-pre-dychovu-hudbu","status":"publish","type":"page","link":"https:\/\/www.petercernicka.eu\/de\/noty-pre-dychovu-hudbu\/","title":{"rendered":"Noten f\u00fcr Blasmusik"},"content":{"rendered":"<div data-elementor-type=\"wp-page\" data-elementor-id=\"4053\" class=\"elementor elementor-4053\" data-elementor-post-type=\"page\">\n\t\t\t\t\t\t<section class=\"elementor-section elementor-top-section elementor-element elementor-element-2d9fde2 elementor-section-boxed elementor-section-height-default elementor-section-height-default\" data-id=\"2d9fde2\" data-element_type=\"section\" data-e-type=\"section\">\n\t\t\t\t\t\t<div class=\"elementor-container elementor-column-gap-default\">\n\t\t\t\t\t<div class=\"elementor-column elementor-col-100 elementor-top-column elementor-element elementor-element-8674add\" data-id=\"8674add\" data-element_type=\"column\" data-e-type=\"column\">\n\t\t\t<div class=\"elementor-widget-wrap elementor-element-populated\">\n\t\t\t\t\t\t<div class=\"elementor-element elementor-element-48f5a70 elementor-widget elementor-widget-image\" data-id=\"48f5a70\" data-element_type=\"widget\" data-e-type=\"widget\" data-widget_type=\"image.default\">\n\t\t\t\t<div class=\"elementor-widget-container\">\n\t\t\t\t\t\t\t\t\t\t\t\t\t\t\t<img fetchpriority=\"high\" decoding=\"async\" width=\"225\" height=\"300\" src=\"https:\/\/www.petercernicka.eu\/wp-content\/uploads\/2024\/09\/Obrazok-WhatsApp-2024-09-27-o-14.50.24_d667d80a-225x300.jpg\" class=\"attachment-medium size-medium wp-image-1920\" alt=\"\" srcset=\"https:\/\/www.petercernicka.eu\/wp-content\/uploads\/2024\/09\/Obrazok-WhatsApp-2024-09-27-o-14.50.24_d667d80a-225x300.jpg 225w, https:\/\/www.petercernicka.eu\/wp-content\/uploads\/2024\/09\/Obrazok-WhatsApp-2024-09-27-o-14.50.24_d667d80a-600x800.jpg 600w, https:\/\/www.petercernicka.eu\/wp-content\/uploads\/2024\/09\/Obrazok-WhatsApp-2024-09-27-o-14.50.24_d667d80a-768x1024.jpg 768w, https:\/\/www.petercernicka.eu\/wp-content\/uploads\/2024\/09\/Obrazok-WhatsApp-2024-09-27-o-14.50.24_d667d80a-1152x1536.jpg 1152w, https:\/\/www.petercernicka.eu\/wp-content\/uploads\/2024\/09\/Obrazok-WhatsApp-2024-09-27-o-14.50.24_d667d80a-9x12.jpg 9w, https:\/\/www.petercernicka.eu\/wp-content\/uploads\/2024\/09\/Obrazok-WhatsApp-2024-09-27-o-14.50.24_d667d80a.jpg 1200w\" sizes=\"(max-width: 225px) 100vw, 225px\" \/>\t\t\t\t\t\t\t\t\t\t\t\t\t\t\t<\/div>\n\t\t\t\t<\/div>\n\t\t\t\t<div class=\"elementor-element elementor-element-d87e0a4 elementor-widget elementor-widget-text-editor\" data-id=\"d87e0a4\" data-element_type=\"widget\" data-e-type=\"widget\" data-widget_type=\"text-editor.default\">\n\t\t\t\t<div class=\"elementor-widget-container\">\n\t\t\t\t\t\t\t\t\t<p style=\"text-align: center;\"><span style=\"font-size: 24pt;\"><span style=\"color: #000000;\">Viac inform\u00e1ci\u00ed na <strong>+421 950 405 069<\/strong> alebo<\/span> <a href=\"mailto:info@dychovahudba.sk\">info@dychovahudba.sk<\/a><\/span><\/p>\t\t\t\t\t\t\t\t<\/div>\n\t\t\t\t<\/div>\n\t\t\t\t\t<\/div>\n\t\t<\/div>\n\t\t\t\t\t<\/div>\n\t\t<\/section>\n\t\t\t\t<\/div>","protected":false},"excerpt":{"rendered":"<p>Viac inform\u00e1ci\u00ed na +421 950 405 069 alebo info@dychovahudba.sk<\/p>","protected":false},"author":1,"featured_media":0,"parent":0,"menu_order":0,"comment_status":"closed","ping_status":"closed","template":"","meta":{"_monsterinsights_skip_tracking":false,"_monsterinsights_sitenote_active":false,"_monsterinsights_sitenote_note":"","_monsterinsights_sitenote_category":0,"footnotes":""},"class_list":["post-4053","page","type-page","status-publish","hentry"],"yoast_head":"<!-- This site is optimized with the Yoast SEO plugin v27.3 - https:\/\/yoast.com\/product\/yoast-seo-wordpress\/ -->\n<title>Noty pre dychov\u00fa hudbu - PETER \u010cERNI\u010cKA<\/title>\n<meta name=\"description\" content=\"Pon\u00fakam V\u00e1m r\u00f4zne skladby a \u017e\u00e1nre s notami pre dychov\u00fa hudbu. polky, val\u010d\u00edky, \u010dard\u00e1\u0161e, tang\u00e1, slow, \u010deskoslovensk\u00e9 hity, oldies, Repete a in\u00e9\" \/>\n<meta name=\"robots\" content=\"index, follow, max-snippet:-1, max-image-preview:large, max-video-preview:-1\" \/>\n<link rel=\"canonical\" href=\"https:\/\/www.petercernicka.eu\/de\/noty-pre-dychovu-hudbu\/\" \/>\n<meta property=\"og:locale\" content=\"de_DE\" \/>\n<meta property=\"og:type\" content=\"article\" \/>\n<meta property=\"og:title\" content=\"Noty pre dychov\u00fa hudbu | \u013eudov\u00e9 piesne | Repete | \u010ceskoslovensk\u00e9 hity | Oldies\" \/>\n<meta property=\"og:description\" content=\"Pon\u00fakam V\u00e1m r\u00f4zne skladby a \u017e\u00e1nre s notami pre dychov\u00fa hudbu. polky, val\u010d\u00edky, \u010dard\u00e1\u0161e, tang\u00e1, slow, \u010deskoslovensk\u00e9 hity, oldies, Repete a in\u00e9\" \/>\n<meta property=\"og:url\" content=\"https:\/\/www.petercernicka.eu\/de\/noty-pre-dychovu-hudbu\/\" \/>\n<meta property=\"og:site_name\" content=\"PETER \u010cERNI\u010cKA\" \/>\n<meta property=\"article:modified_time\" content=\"2026-01-31T14:15:24+00:00\" \/>\n<meta property=\"og:image\" content=\"https:\/\/www.petercernicka.eu\/wp-content\/uploads\/2024\/06\/Balik-notoveho-materialu-pre-dychovu-hudbe-tanecne-skladby-scaled.jpeg\" \/>\n\t<meta property=\"og:image:width\" content=\"2560\" \/>\n\t<meta property=\"og:image:height\" content=\"1707\" \/>\n\t<meta property=\"og:image:type\" content=\"image\/jpeg\" \/>\n<meta name=\"twitter:card\" content=\"summary_large_image\" \/>\n<meta name=\"twitter:label1\" content=\"Gesch\u00e4tzte Lesezeit\" \/>\n\t<meta name=\"twitter:data1\" content=\"1\u00a0Minute\" \/>\n<script type=\"application\/ld+json\" class=\"yoast-schema-graph\">{\"@context\":\"https:\\\/\\\/schema.org\",\"@graph\":[{\"@type\":\"WebPage\",\"@id\":\"https:\\\/\\\/www.petercernicka.eu\\\/noty-pre-dychovu-hudbu\\\/\",\"url\":\"https:\\\/\\\/www.petercernicka.eu\\\/noty-pre-dychovu-hudbu\\\/\",\"name\":\"Noty pre dychov\u00fa hudbu - PETER \u010cERNI\u010cKA\",\"isPartOf\":{\"@id\":\"https:\\\/\\\/www.petercernicka.eu\\\/#website\"},\"primaryImageOfPage\":{\"@id\":\"https:\\\/\\\/www.petercernicka.eu\\\/noty-pre-dychovu-hudbu\\\/#primaryimage\"},\"image\":{\"@id\":\"https:\\\/\\\/www.petercernicka.eu\\\/noty-pre-dychovu-hudbu\\\/#primaryimage\"},\"thumbnailUrl\":\"https:\\\/\\\/www.petercernicka.eu\\\/wp-content\\\/uploads\\\/2024\\\/09\\\/Obrazok-WhatsApp-2024-09-27-o-14.50.24_d667d80a-225x300.jpg\",\"datePublished\":\"2025-06-28T06:33:59+00:00\",\"dateModified\":\"2026-01-31T14:15:24+00:00\",\"description\":\"Pon\u00fakam V\u00e1m r\u00f4zne skladby a \u017e\u00e1nre s notami pre dychov\u00fa hudbu. polky, val\u010d\u00edky, \u010dard\u00e1\u0161e, tang\u00e1, slow, \u010deskoslovensk\u00e9 hity, oldies, Repete a in\u00e9\",\"breadcrumb\":{\"@id\":\"https:\\\/\\\/www.petercernicka.eu\\\/noty-pre-dychovu-hudbu\\\/#breadcrumb\"},\"inLanguage\":\"de\",\"potentialAction\":[{\"@type\":\"ReadAction\",\"target\":[\"https:\\\/\\\/www.petercernicka.eu\\\/noty-pre-dychovu-hudbu\\\/\"]}]},{\"@type\":\"ImageObject\",\"inLanguage\":\"de\",\"@id\":\"https:\\\/\\\/www.petercernicka.eu\\\/noty-pre-dychovu-hudbu\\\/#primaryimage\",\"url\":\"https:\\\/\\\/www.petercernicka.eu\\\/wp-content\\\/uploads\\\/2024\\\/09\\\/Obrazok-WhatsApp-2024-09-27-o-14.50.24_d667d80a-225x300.jpg\",\"contentUrl\":\"https:\\\/\\\/www.petercernicka.eu\\\/wp-content\\\/uploads\\\/2024\\\/09\\\/Obrazok-WhatsApp-2024-09-27-o-14.50.24_d667d80a-225x300.jpg\"},{\"@type\":\"BreadcrumbList\",\"@id\":\"https:\\\/\\\/www.petercernicka.eu\\\/noty-pre-dychovu-hudbu\\\/#breadcrumb\",\"itemListElement\":[{\"@type\":\"ListItem\",\"position\":1,\"name\":\"Domov\",\"item\":\"https:\\\/\\\/www.petercernicka.eu\\\/\"},{\"@type\":\"ListItem\",\"position\":2,\"name\":\"Noty pre dychov\u00fa hudbu\"}]},{\"@type\":\"WebSite\",\"@id\":\"https:\\\/\\\/www.petercernicka.eu\\\/#website\",\"url\":\"https:\\\/\\\/www.petercernicka.eu\\\/\",\"name\":\"PETER \u010cERNI\u010cKA\",\"description\":\"skladate\u013e, aran\u017e\u00e9r, multiin\u0161trumentalista, lektor\",\"potentialAction\":[{\"@type\":\"SearchAction\",\"target\":{\"@type\":\"EntryPoint\",\"urlTemplate\":\"https:\\\/\\\/www.petercernicka.eu\\\/?s={search_term_string}\"},\"query-input\":{\"@type\":\"PropertyValueSpecification\",\"valueRequired\":true,\"valueName\":\"search_term_string\"}}],\"inLanguage\":\"de\"}]}<\/script>\n<!-- \/ Yoast SEO plugin. -->","yoast_head_json":{"title":"Noty pre dychov\u00fa hudbu - PETER \u010cERNI\u010cKA","description":"Pon\u00fakam V\u00e1m r\u00f4zne skladby a \u017e\u00e1nre s notami pre dychov\u00fa hudbu. polky, val\u010d\u00edky, \u010dard\u00e1\u0161e, tang\u00e1, slow, \u010deskoslovensk\u00e9 hity, oldies, Repete a in\u00e9","robots":{"index":"index","follow":"follow","max-snippet":"max-snippet:-1","max-image-preview":"max-image-preview:large","max-video-preview":"max-video-preview:-1"},"canonical":"https:\/\/www.petercernicka.eu\/de\/noty-pre-dychovu-hudbu\/","og_locale":"de_DE","og_type":"article","og_title":"Noty pre dychov\u00fa hudbu | \u013eudov\u00e9 piesne | Repete | \u010ceskoslovensk\u00e9 hity | Oldies","og_description":"Pon\u00fakam V\u00e1m r\u00f4zne skladby a \u017e\u00e1nre s notami pre dychov\u00fa hudbu. polky, val\u010d\u00edky, \u010dard\u00e1\u0161e, tang\u00e1, slow, \u010deskoslovensk\u00e9 hity, oldies, Repete a in\u00e9","og_url":"https:\/\/www.petercernicka.eu\/de\/noty-pre-dychovu-hudbu\/","og_site_name":"PETER \u010cERNI\u010cKA","article_modified_time":"2026-01-31T14:15:24+00:00","og_image":[{"width":2560,"height":1707,"url":"https:\/\/www.petercernicka.eu\/wp-content\/uploads\/2024\/06\/Balik-notoveho-materialu-pre-dychovu-hudbe-tanecne-skladby-scaled.jpeg","type":"image\/jpeg"}],"twitter_card":"summary_large_image","twitter_misc":{"Gesch\u00e4tzte Lesezeit":"1\u00a0Minute"},"schema":{"@context":"https:\/\/schema.org","@graph":[{"@type":"WebPage","@id":"https:\/\/www.petercernicka.eu\/noty-pre-dychovu-hudbu\/","url":"https:\/\/www.petercernicka.eu\/noty-pre-dychovu-hudbu\/","name":"Noty pre dychov\u00fa hudbu - PETER \u010cERNI\u010cKA","isPartOf":{"@id":"https:\/\/www.petercernicka.eu\/#website"},"primaryImageOfPage":{"@id":"https:\/\/www.petercernicka.eu\/noty-pre-dychovu-hudbu\/#primaryimage"},"image":{"@id":"https:\/\/www.petercernicka.eu\/noty-pre-dychovu-hudbu\/#primaryimage"},"thumbnailUrl":"https:\/\/www.petercernicka.eu\/wp-content\/uploads\/2024\/09\/Obrazok-WhatsApp-2024-09-27-o-14.50.24_d667d80a-225x300.jpg","datePublished":"2025-06-28T06:33:59+00:00","dateModified":"2026-01-31T14:15:24+00:00","description":"Pon\u00fakam V\u00e1m r\u00f4zne skladby a \u017e\u00e1nre s notami pre dychov\u00fa hudbu. polky, val\u010d\u00edky, \u010dard\u00e1\u0161e, tang\u00e1, slow, \u010deskoslovensk\u00e9 hity, oldies, Repete a in\u00e9","breadcrumb":{"@id":"https:\/\/www.petercernicka.eu\/noty-pre-dychovu-hudbu\/#breadcrumb"},"inLanguage":"de","potentialAction":[{"@type":"ReadAction","target":["https:\/\/www.petercernicka.eu\/noty-pre-dychovu-hudbu\/"]}]},{"@type":"ImageObject","inLanguage":"de","@id":"https:\/\/www.petercernicka.eu\/noty-pre-dychovu-hudbu\/#primaryimage","url":"https:\/\/www.petercernicka.eu\/wp-content\/uploads\/2024\/09\/Obrazok-WhatsApp-2024-09-27-o-14.50.24_d667d80a-225x300.jpg","contentUrl":"https:\/\/www.petercernicka.eu\/wp-content\/uploads\/2024\/09\/Obrazok-WhatsApp-2024-09-27-o-14.50.24_d667d80a-225x300.jpg"},{"@type":"BreadcrumbList","@id":"https:\/\/www.petercernicka.eu\/noty-pre-dychovu-hudbu\/#breadcrumb","itemListElement":[{"@type":"ListItem","position":1,"name":"Domov","item":"https:\/\/www.petercernicka.eu\/"},{"@type":"ListItem","position":2,"name":"Noty pre dychov\u00fa hudbu"}]},{"@type":"WebSite","@id":"https:\/\/www.petercernicka.eu\/#website","url":"https:\/\/www.petercernicka.eu\/","name":"PETER \u010cERNI\u010cKA","description":"Komponist, Arrangeur, Multiinstrumentalist, Vortragender","potentialAction":[{"@type":"SearchAction","target":{"@type":"EntryPoint","urlTemplate":"https:\/\/www.petercernicka.eu\/?s={search_term_string}"},"query-input":{"@type":"PropertyValueSpecification","valueRequired":true,"valueName":"search_term_string"}}],"inLanguage":"de"}]}},"_links":{"self":[{"href":"https:\/\/www.petercernicka.eu\/de\/wp-json\/wp\/v2\/pages\/4053","targetHints":{"allow":["GET"]}}],"collection":[{"href":"https:\/\/www.petercernicka.eu\/de\/wp-json\/wp\/v2\/pages"}],"about":[{"href":"https:\/\/www.petercernicka.eu\/de\/wp-json\/wp\/v2\/types\/page"}],"author":[{"embeddable":true,"href":"https:\/\/www.petercernicka.eu\/de\/wp-json\/wp\/v2\/users\/1"}],"replies":[{"embeddable":true,"href":"https:\/\/www.petercernicka.eu\/de\/wp-json\/wp\/v2\/comments?post=4053"}],"version-history":[{"count":4,"href":"https:\/\/www.petercernicka.eu\/de\/wp-json\/wp\/v2\/pages\/4053\/revisions"}],"predecessor-version":[{"id":4182,"href":"https:\/\/www.petercernicka.eu\/de\/wp-json\/wp\/v2\/pages\/4053\/revisions\/4182"}],"wp:attachment":[{"href":"https:\/\/www.petercernicka.eu\/de\/wp-json\/wp\/v2\/media?parent=4053"}],"curies":[{"name":"wp","href":"https:\/\/api.w.org\/{rel}","templated":true}]}}