{"id":861,"date":"2022-05-24T16:14:30","date_gmt":"2022-05-24T14:14:30","guid":{"rendered":"https:\/\/www.petercernicka.eu\/?page_id=861"},"modified":"2025-05-02T11:43:59","modified_gmt":"2025-05-02T09:43:59","slug":"radio-dychovka","status":"publish","type":"page","link":"https:\/\/www.petercernicka.eu\/de\/radio-dychovka\/","title":{"rendered":"Radio-Blasmusik"},"content":{"rendered":"<p style=\"text-align: center;\"><strong><span style=\"color: #000000; font-size: 18pt;\">Ich halte das Projekt \u201eRadio Dychovka\u201c f\u00fcr sinnvoll, da es zur F\u00f6rderung der Blasmusik, der Orchester und der Big Bands beitr\u00e4gt.<\/span><\/strong><\/p>\n<p style=\"text-align: center;\"><span style=\"font-size: 14pt; color: #000000;\"><strong>Plus:<\/strong><\/span><br \/>\n<span style=\"font-size: 14pt; color: #000000;\">Das Hauptziel ist es, unsere traditionelle Blasmusik f\u00fcr H\u00f6rer in der gesamten Slowakei, der Tschechischen Republik, aber auch f\u00fcr Slowaken auf der ganzen Welt im Radio zu h\u00f6ren. <\/span><\/p>\n<p><span style=\"font-size: 14pt; color: #000000;\">Au\u00dferdem m\u00f6chten wir Kindern und Jugendlichen eine neuere Spielweise des Blechblasinstruments n\u00e4herbringen, um das Blechblasinstrumentenspiel attraktiver zu machen, was meiner Meinung nach funktioniert.<\/span><\/p>\n<p>&nbsp;<\/p>\n<p style=\"text-align: center;\"><span style=\"font-size: 14pt; color: #000000;\"><strong>Minus:<\/strong><\/span><br \/>\n<span style=\"font-size: 14pt; color: #000000;\">Leider ist es dem Radio in den vier Jahren seines Bestehens nicht gelungen, finanzielle Unterst\u00fctzung vom Staat, von Unternehmen oder von Drogenh\u00e4ndlern zu erhalten. \ud83d\ude42<\/span><\/p>\n<p><span style=\"color: #000000;\"><img fetchpriority=\"high\" decoding=\"async\" class=\"size-full wp-image-623 aligncenter\" src=\"https:\/\/www.petercernicka.eu\/wp-content\/uploads\/2022\/05\/dychovka.webp\" alt=\"\" width=\"300\" height=\"300\" srcset=\"https:\/\/www.petercernicka.eu\/wp-content\/uploads\/2022\/05\/dychovka.webp 300w, https:\/\/www.petercernicka.eu\/wp-content\/uploads\/2022\/05\/dychovka-100x100.webp 100w, https:\/\/www.petercernicka.eu\/wp-content\/uploads\/2022\/05\/dychovka-150x150.webp 150w\" sizes=\"(max-width: 300px) 100vw, 300px\" \/><\/span><\/p>\n<p style=\"text-align: center;\"><span style=\"color: #000000; font-size: 18pt;\"><strong>Radio Dychovka sendet nicht mehr.<\/strong><\/span><\/p>\n<p>&nbsp;<\/p>","protected":false},"excerpt":{"rendered":"<p>Projekt R\u00e1dia Dychovka pova\u017eujem za zmyslupln\u00fd preto\u017ee pom\u00e1ha s propag\u00e1ciou dychov\u00fdch hudieb, orchestrov, big bandov. Plus: Hlavn\u00fdm cie\u013eom je udr\u017ea\u0165 na\u0161u tradi\u010dn\u00fa dychov\u00fa hudbu v \u00e9teri pre posluch\u00e1\u010dov na celom Slovensku, \u010cesku ale aj vo svete rozlezen\u00fdm Slov\u00e1kom \ud83d\ude42 Taktie\u017e de\u0165om a [&hellip;]<\/p>\n","protected":false},"author":1,"featured_media":0,"parent":0,"menu_order":0,"comment_status":"closed","ping_status":"closed","template":"","meta":{"_monsterinsights_skip_tracking":false,"_monsterinsights_sitenote_active":false,"_monsterinsights_sitenote_note":"","_monsterinsights_sitenote_category":0,"footnotes":""},"class_list":["post-861","page","type-page","status-publish","hentry"],"yoast_head":"<!-- This site is optimized with the Yoast SEO plugin v27.3 - https:\/\/yoast.com\/product\/yoast-seo-wordpress\/ -->\n<title>R\u00e1dio Dychovka - PETER \u010cERNI\u010cKA<\/title>\n<meta name=\"robots\" content=\"index, follow, max-snippet:-1, max-image-preview:large, max-video-preview:-1\" \/>\n<link rel=\"canonical\" href=\"https:\/\/www.petercernicka.eu\/de\/radio-dychovka\/\" \/>\n<meta property=\"og:locale\" content=\"de_DE\" \/>\n<meta property=\"og:type\" content=\"article\" \/>\n<meta property=\"og:title\" content=\"R\u00e1dio Dychovka - PETER \u010cERNI\u010cKA\" \/>\n<meta property=\"og:description\" content=\"Projekt R\u00e1dia Dychovka pova\u017eujem za zmyslupln\u00fd preto\u017ee pom\u00e1ha s propag\u00e1ciou dychov\u00fdch hudieb, orchestrov, big bandov. Plus: Hlavn\u00fdm cie\u013eom je udr\u017ea\u0165 na\u0161u tradi\u010dn\u00fa dychov\u00fa hudbu v \u00e9teri pre posluch\u00e1\u010dov na celom Slovensku, \u010cesku ale aj vo svete rozlezen\u00fdm Slov\u00e1kom \ud83d\ude42 Taktie\u017e de\u0165om a [&hellip;]\" \/>\n<meta property=\"og:url\" content=\"https:\/\/www.petercernicka.eu\/de\/radio-dychovka\/\" \/>\n<meta property=\"og:site_name\" content=\"PETER \u010cERNI\u010cKA\" \/>\n<meta property=\"article:modified_time\" content=\"2025-05-02T09:43:59+00:00\" \/>\n<meta property=\"og:image\" content=\"https:\/\/www.petercernicka.eu\/wp-content\/uploads\/2022\/05\/dychovka.webp\" \/>\n\t<meta property=\"og:image:width\" content=\"300\" \/>\n\t<meta property=\"og:image:height\" content=\"300\" \/>\n\t<meta property=\"og:image:type\" content=\"image\/webp\" \/>\n<meta name=\"twitter:card\" content=\"summary_large_image\" \/>\n<meta name=\"twitter:label1\" content=\"Gesch\u00e4tzte Lesezeit\" \/>\n\t<meta name=\"twitter:data1\" content=\"1\u00a0Minute\" \/>\n<script type=\"application\/ld+json\" class=\"yoast-schema-graph\">{\"@context\":\"https:\\\/\\\/schema.org\",\"@graph\":[{\"@type\":\"WebPage\",\"@id\":\"https:\\\/\\\/www.petercernicka.eu\\\/radio-dychovka\\\/\",\"url\":\"https:\\\/\\\/www.petercernicka.eu\\\/radio-dychovka\\\/\",\"name\":\"R\u00e1dio Dychovka - PETER \u010cERNI\u010cKA\",\"isPartOf\":{\"@id\":\"https:\\\/\\\/www.petercernicka.eu\\\/#website\"},\"primaryImageOfPage\":{\"@id\":\"https:\\\/\\\/www.petercernicka.eu\\\/radio-dychovka\\\/#primaryimage\"},\"image\":{\"@id\":\"https:\\\/\\\/www.petercernicka.eu\\\/radio-dychovka\\\/#primaryimage\"},\"thumbnailUrl\":\"https:\\\/\\\/www.petercernicka.eu\\\/wp-content\\\/uploads\\\/2022\\\/05\\\/dychovka.webp\",\"datePublished\":\"2022-05-24T14:14:30+00:00\",\"dateModified\":\"2025-05-02T09:43:59+00:00\",\"breadcrumb\":{\"@id\":\"https:\\\/\\\/www.petercernicka.eu\\\/radio-dychovka\\\/#breadcrumb\"},\"inLanguage\":\"de\",\"potentialAction\":[{\"@type\":\"ReadAction\",\"target\":[\"https:\\\/\\\/www.petercernicka.eu\\\/radio-dychovka\\\/\"]}]},{\"@type\":\"ImageObject\",\"inLanguage\":\"de\",\"@id\":\"https:\\\/\\\/www.petercernicka.eu\\\/radio-dychovka\\\/#primaryimage\",\"url\":\"https:\\\/\\\/www.petercernicka.eu\\\/wp-content\\\/uploads\\\/2022\\\/05\\\/dychovka.webp\",\"contentUrl\":\"https:\\\/\\\/www.petercernicka.eu\\\/wp-content\\\/uploads\\\/2022\\\/05\\\/dychovka.webp\"},{\"@type\":\"BreadcrumbList\",\"@id\":\"https:\\\/\\\/www.petercernicka.eu\\\/radio-dychovka\\\/#breadcrumb\",\"itemListElement\":[{\"@type\":\"ListItem\",\"position\":1,\"name\":\"Domov\",\"item\":\"https:\\\/\\\/www.petercernicka.eu\\\/\"},{\"@type\":\"ListItem\",\"position\":2,\"name\":\"R\u00e1dio Dychovka\"}]},{\"@type\":\"WebSite\",\"@id\":\"https:\\\/\\\/www.petercernicka.eu\\\/#website\",\"url\":\"https:\\\/\\\/www.petercernicka.eu\\\/\",\"name\":\"PETER \u010cERNI\u010cKA\",\"description\":\"skladate\u013e, aran\u017e\u00e9r, multiin\u0161trumentalista, lektor\",\"potentialAction\":[{\"@type\":\"SearchAction\",\"target\":{\"@type\":\"EntryPoint\",\"urlTemplate\":\"https:\\\/\\\/www.petercernicka.eu\\\/?s={search_term_string}\"},\"query-input\":{\"@type\":\"PropertyValueSpecification\",\"valueRequired\":true,\"valueName\":\"search_term_string\"}}],\"inLanguage\":\"de\"}]}<\/script>\n<!-- \/ Yoast SEO plugin. -->","yoast_head_json":{"title":"R\u00e1dio Dychovka - PETER \u010cERNI\u010cKA","robots":{"index":"index","follow":"follow","max-snippet":"max-snippet:-1","max-image-preview":"max-image-preview:large","max-video-preview":"max-video-preview:-1"},"canonical":"https:\/\/www.petercernicka.eu\/de\/radio-dychovka\/","og_locale":"de_DE","og_type":"article","og_title":"R\u00e1dio Dychovka - PETER \u010cERNI\u010cKA","og_description":"Projekt R\u00e1dia Dychovka pova\u017eujem za zmyslupln\u00fd preto\u017ee pom\u00e1ha s propag\u00e1ciou dychov\u00fdch hudieb, orchestrov, big bandov. Plus: Hlavn\u00fdm cie\u013eom je udr\u017ea\u0165 na\u0161u tradi\u010dn\u00fa dychov\u00fa hudbu v \u00e9teri pre posluch\u00e1\u010dov na celom Slovensku, \u010cesku ale aj vo svete rozlezen\u00fdm Slov\u00e1kom \ud83d\ude42 Taktie\u017e de\u0165om a [&hellip;]","og_url":"https:\/\/www.petercernicka.eu\/de\/radio-dychovka\/","og_site_name":"PETER \u010cERNI\u010cKA","article_modified_time":"2025-05-02T09:43:59+00:00","og_image":[{"width":300,"height":300,"url":"https:\/\/www.petercernicka.eu\/wp-content\/uploads\/2022\/05\/dychovka.webp","type":"image\/webp"}],"twitter_card":"summary_large_image","twitter_misc":{"Gesch\u00e4tzte Lesezeit":"1\u00a0Minute"},"schema":{"@context":"https:\/\/schema.org","@graph":[{"@type":"WebPage","@id":"https:\/\/www.petercernicka.eu\/radio-dychovka\/","url":"https:\/\/www.petercernicka.eu\/radio-dychovka\/","name":"R\u00e1dio Dychovka - PETER \u010cERNI\u010cKA","isPartOf":{"@id":"https:\/\/www.petercernicka.eu\/#website"},"primaryImageOfPage":{"@id":"https:\/\/www.petercernicka.eu\/radio-dychovka\/#primaryimage"},"image":{"@id":"https:\/\/www.petercernicka.eu\/radio-dychovka\/#primaryimage"},"thumbnailUrl":"https:\/\/www.petercernicka.eu\/wp-content\/uploads\/2022\/05\/dychovka.webp","datePublished":"2022-05-24T14:14:30+00:00","dateModified":"2025-05-02T09:43:59+00:00","breadcrumb":{"@id":"https:\/\/www.petercernicka.eu\/radio-dychovka\/#breadcrumb"},"inLanguage":"de","potentialAction":[{"@type":"ReadAction","target":["https:\/\/www.petercernicka.eu\/radio-dychovka\/"]}]},{"@type":"ImageObject","inLanguage":"de","@id":"https:\/\/www.petercernicka.eu\/radio-dychovka\/#primaryimage","url":"https:\/\/www.petercernicka.eu\/wp-content\/uploads\/2022\/05\/dychovka.webp","contentUrl":"https:\/\/www.petercernicka.eu\/wp-content\/uploads\/2022\/05\/dychovka.webp"},{"@type":"BreadcrumbList","@id":"https:\/\/www.petercernicka.eu\/radio-dychovka\/#breadcrumb","itemListElement":[{"@type":"ListItem","position":1,"name":"Domov","item":"https:\/\/www.petercernicka.eu\/"},{"@type":"ListItem","position":2,"name":"R\u00e1dio Dychovka"}]},{"@type":"WebSite","@id":"https:\/\/www.petercernicka.eu\/#website","url":"https:\/\/www.petercernicka.eu\/","name":"PETER \u010cERNI\u010cKA","description":"Komponist, Arrangeur, Multiinstrumentalist, Vortragender","potentialAction":[{"@type":"SearchAction","target":{"@type":"EntryPoint","urlTemplate":"https:\/\/www.petercernicka.eu\/?s={search_term_string}"},"query-input":{"@type":"PropertyValueSpecification","valueRequired":true,"valueName":"search_term_string"}}],"inLanguage":"de"}]}},"_links":{"self":[{"href":"https:\/\/www.petercernicka.eu\/de\/wp-json\/wp\/v2\/pages\/861","targetHints":{"allow":["GET"]}}],"collection":[{"href":"https:\/\/www.petercernicka.eu\/de\/wp-json\/wp\/v2\/pages"}],"about":[{"href":"https:\/\/www.petercernicka.eu\/de\/wp-json\/wp\/v2\/types\/page"}],"author":[{"embeddable":true,"href":"https:\/\/www.petercernicka.eu\/de\/wp-json\/wp\/v2\/users\/1"}],"replies":[{"embeddable":true,"href":"https:\/\/www.petercernicka.eu\/de\/wp-json\/wp\/v2\/comments?post=861"}],"version-history":[{"count":6,"href":"https:\/\/www.petercernicka.eu\/de\/wp-json\/wp\/v2\/pages\/861\/revisions"}],"predecessor-version":[{"id":2146,"href":"https:\/\/www.petercernicka.eu\/de\/wp-json\/wp\/v2\/pages\/861\/revisions\/2146"}],"wp:attachment":[{"href":"https:\/\/www.petercernicka.eu\/de\/wp-json\/wp\/v2\/media?parent=861"}],"curies":[{"name":"wp","href":"https:\/\/api.w.org\/{rel}","templated":true}]}}